{"id":11157,"date":"2025-08-05T10:51:01","date_gmt":"2025-08-05T08:51:01","guid":{"rendered":"https:\/\/relifenation.com\/?page_id=11157"},"modified":"2025-12-10T09:42:40","modified_gmt":"2025-12-10T08:42:40","slug":"sospeso","status":"publish","type":"page","link":"https:\/\/relifenation.com\/en\/sospeso\/","title":{"rendered":"Sospeso"},"content":{"rendered":"<section class=\"header-pagina fondo-arancio header-pagina-non-full\">\r\n  \r\n  <div class=\"header-pagina-col-sx\">\r\n    <h2 class=\"fade-in-right\">Welcome to<br \/>\r\n<strong>Sospeso caf\u00e8<\/strong><\/h2>\r\n          <button class=\"header-pagina-cta animated-button fondo-arancio\"><a href=\"https:\/\/maps.app.goo.gl\/rbRZGpTWQYBu9iNq6\" title=\"\" rel=\"nofollow noopener\" target=\"_blank\">Visit us        <\/a>\r\n        <span><\/span><span><\/span><span><\/span><span><\/span><\/button>\r\n      <\/div>\r\n\r\n      <div class=\"header-pagina-col-dx\">\r\n      <div class=\"fiore draw-svg animation-swing\" data-duration=\"1.5\">\r\n        <svg xmlns=\"http:\/\/www.w3.org\/2000\/svg\" width=\"100%\" height=\"100%\" viewbox=\"0 0 201 192\" fill=\"none\">\r\n          <path d=\"M61.0709 64.9343C47.9509 55.7243 29.4209 49.3943 14.8909 59.4843C3.51095 67.3843 0.900948 82.3443 7.76095 94.1343C16.8609 109.764 35.6909 109.794 51.6609 108.024C42.3509 111.594 33.7909 117.564 28.1809 125.804C22.9309 133.514 20.2309 143.044 22.3109 152.294C24.9209 163.874 34.4009 172.864 46.3509 173.984C60.8509 175.344 72.1909 164.644 80.8009 154.314C79.0909 156.374 80.4409 162.914 80.9809 165.234C81.8309 168.854 83.4309 172.314 85.5609 175.364C89.5909 181.154 95.8409 185.364 102.721 186.954C115.651 189.944 129.861 183.204 136.831 172.134C144.221 160.384 143.781 144.494 136.751 132.524C152.841 138.134 174.291 136.644 187.741 125.274C195.181 118.994 197.791 108.644 194.921 99.4243C191.361 87.9643 179.901 80.7543 168.431 79.2443C159.081 78.0043 149.501 80.1543 140.931 84.0843C151.611 79.2343 160.311 70.1743 164.711 59.2943C167.511 52.3643 168.461 44.0243 164.431 37.7343C160.251 31.2043 151.801 28.6343 144.041 28.8243C128.091 29.2243 112.891 40.0243 107.271 54.9643C110.921 44.2743 109.571 31.9843 103.681 22.3443C99.0209 14.7143 90.7109 8.55428 82.2809 5.73428C75.4109 3.44428 67.6809 3.35428 61.0609 6.27428C48.0409 12.0043 43.9109 28.0443 47.0209 40.9343C48.9109 48.7843 54.1909 60.1643 61.0609 64.9743L61.0709 64.9343Z\" stroke=\"#ED6942\" stroke-width=\"8\" stroke-linejoin=\"round\"><\/path>\r\n        <\/svg>\r\n      <\/div>\r\n      <div class=\"header-pagina-immagine animation-swing-piccolo\">\r\n        <img decoding=\"async\" width=\"1617\" height=\"1080\" src=\"https:\/\/relifenation.com\/wp-content\/uploads\/2025\/09\/DSC06628.jpeg?wsr\" class=\"attachment-full size-full\" alt=\"\" srcset=\"https:\/\/relifenation.com\/wp-content\/uploads\/2025\/09\/DSC06628.jpeg 1617w, https:\/\/relifenation.com\/wp-content\/uploads\/2025\/09\/DSC06628-800x534.jpeg 800w, https:\/\/relifenation.com\/wp-content\/uploads\/2025\/09\/DSC06628-768x513.jpeg 768w, https:\/\/relifenation.com\/wp-content\/uploads\/2025\/09\/DSC06628-1536x1026.jpeg 1536w, https:\/\/relifenation.com\/wp-content\/uploads\/2025\/09\/DSC06628-18x12.jpeg 18w, https:\/\/relifenation.com\/wp-content\/uploads\/2025\/09\/DSC06628-1568x1047.jpeg 1568w\" sizes=\"(max-width: 1617px) 100vw, 1617px\" title=\"\">      <\/div>\r\n    <\/div>\r\n  <\/section>\n\n<section class=\"colonne-testo-immagine fondo-rosa fade-in immagine-sinistra\" >\r\n  <div class=\"colonne-testo-immagine-col-sx\">\r\n          <h2 class=\"fade-in-left\">Wellness meets your coffee break <\/h2>\r\n              <p class=\"fade-in-right testo-grande\">SOSPESO by RELIFE \u00e8 molto pi\u00f9 di un semplice angolo caff\u00e8, \u00e8 un rifugio accogliente dove il benessere incontra la comunit\u00e0.<br \/>\r\n<br \/>\r\nBorn in the heart of our student house, SOSPESO blends the rich aroma of quality coffee with a relaxed and uplifting atmosphere.<\/p>\r\n      <\/div>\r\n  <div class=\"colonne-testo-immagine-col-dx\">\r\n          <div class=\"fondo-cerchio-bordo animation-ruota\">\r\n        <svg width=\"100%\" height=\"100%\" viewbox=\"0 0 163 163\" fill=\"none\" xmlns=\"http:\/\/www.w3.org\/2000\/svg\">\r\n          <path d=\"M41.5622 18.9419C39.2947 1.87461 61.7381 -6.42591 71.1216 8.0096C77.2031 17.3653 90.7126 17.8851 97.495 9.02436C107.96 -4.64745 129.699 5.35308 126.127 22.1957C123.812 33.1114 132.997 43.0316 144.058 41.562C161.126 39.2945 169.426 61.7379 154.991 71.1214C145.635 77.2029 145.115 90.7124 153.976 97.4948C167.648 107.96 157.647 129.699 140.804 126.127C129.889 123.812 119.969 132.997 121.438 144.058C123.706 161.125 101.262 169.426 91.8787 154.99C85.7972 145.635 72.2877 145.115 65.5054 153.976C55.0403 167.647 33.3011 157.647 36.8734 140.804C39.1886 129.889 30.0035 119.968 18.9421 121.438C1.87481 123.705 -6.42571 101.262 8.0098 91.8785C17.3655 85.797 17.8853 72.2875 9.02456 65.5052C-4.64724 55.0401 5.35328 33.3009 22.1959 36.8732C33.1116 39.1884 43.0318 30.0033 41.5622 18.9419Z\" fill=\"#F5F5F5\" \/>\r\n        <\/svg>\r\n      <\/div>\r\n      <div class=\"colonne-testo-immagine-immagine animation-swing-piccolo\">\r\n        <picture class=\"fade-in-up\"><img decoding=\"async\" width=\"810\" height=\"1080\" src=\"https:\/\/relifenation.com\/wp-content\/uploads\/2025\/07\/WhatsApp-Image-2025-07-10-at-09.48.12-2.jpg?wsr\" class=\"attachment-full size-full\" alt=\"\" srcset=\"https:\/\/relifenation.com\/wp-content\/uploads\/2025\/07\/WhatsApp-Image-2025-07-10-at-09.48.12-2.jpg 810w, https:\/\/relifenation.com\/wp-content\/uploads\/2025\/07\/WhatsApp-Image-2025-07-10-at-09.48.12-2-600x800.jpg 600w, https:\/\/relifenation.com\/wp-content\/uploads\/2025\/07\/WhatsApp-Image-2025-07-10-at-09.48.12-2-768x1024.jpg 768w, https:\/\/relifenation.com\/wp-content\/uploads\/2025\/07\/WhatsApp-Image-2025-07-10-at-09.48.12-2-9x12.jpg 9w\" sizes=\"(max-width: 810px) 100vw, 810px\" title=\"\"><\/picture>\r\n      <\/div>\r\n      <\/div>\r\n<\/section>\n\n<section class=\"colonne-testo fondo-bianco fade-in\"  id=\"Orgogliosamente torinesi\" >\r\n      <h2 class=\"fade-in-right\">From Turin to the world <\/h2>\r\n        <h3 class=\"fade-in-left\">Torino inside, world outside <\/h3>\r\n        <p class=\"fade-in-up\">SOSPESO by RELIFE proudly takes root in Barriera di Milano, one of Turin\u2019s most vibrant and creative neighborhoods. Our doors are open not only to students but to the entire community, from local residents and artists to dreamers and coffee lovers. Whether you live nearby or are just passing through, stop by for a warm cup, a heartfelt chat, or a relaxing moment in good company. Whether you're looking for a place to study or simply take a mindful break, you'll find the perfect spot here to recharge your mind and body, one cup at a time.<\/p>\r\n  <\/section>\n\n<section class=\"colonne-due-testi fondo-bianco fade-in\" >\r\n\r\n  <div class=\"colonne-due-testi-col-sx\">\r\n          <h2 class=\"fade-in-right\">Fuel the future of Barriera di Milano, one cup at a time. <\/h2>\r\n              <p class=\"fade-in-up\">Quando mangi o bevi da SOSPESO, non stai facendo solo un regalo a te stesso, stai dando una mano anche al quartiere. Attraverso il progetto \u201cSospeso \u2013 Un caff\u00e8 per il quartiere\u201d, lanciato dalla RELIFE Foundation, puoi lasciare una donazione simbolica di 1\u20ac, l\u2019equivalente di un caff\u00e8 sospeso, che verr\u00e0 trasformata in beni essenziali per le famiglie del territorio in difficolt\u00e0.<br \/>\r\nUn gesto semplice, ma dal grande valore, che contribuisce a costruire una Barriera di Milano pi\u00f9 unita e solidale.<\/p>\r\n      <\/div>\r\n\r\n  <div class=\"colonne-due-testi-col-dx\">\r\n          <\/div>\r\n<\/section>\n\n<section class=\"colonne-testo fondo-bianco fade-in\"  id=\"Orgogliosamente torinesi\" >\r\n      <h2 class=\"fade-in-right\">Fai il tuo evento al SOSPESO by RELIFE <\/h2>\r\n        <h3 class=\"fade-in-left\">Tutto Incluso. Zero Pensieri. Solo Grandi Eventi. <\/h3>\r\n        <p class=\"fade-in-up\"><blockquote><br \/>\r\n<h5 data-start=\"337\" data-end=\"391\"><strong data-start=\"341\" data-end=\"389\">Business &amp; Corporate \u2014 Intera Giornata (~8h)<\/strong><\/h5><br \/>\r\n<\/blockquote><br \/>\r\n<h5 data-start=\"392\" data-end=\"596\">\u2022 Sala esclusiva<br data-start=\"476\" data-end=\"479\" \/>\u2022 Sistema audio dedicato<br data-start=\"503\" data-end=\"506\" \/>\u2022 Wi-Fi ultraveloce<br data-start=\"525\" data-end=\"528\" \/>\u2022 Accesso al giardino<br data-start=\"549\" data-end=\"552\" \/>\u2022 Servizio bar attivo (consumazioni extra)<\/h5><br \/>\r\n<blockquote><br \/>\r\n<h5 data-start=\"603\" data-end=\"655\"><strong data-start=\"607\" data-end=\"653\"><br \/>\r\nMezza Giornata (~4h)<\/strong><\/h5><br \/>\r\n<\/blockquote><br \/>\r\n<h5 data-start=\"656\" data-end=\"795\">\u2022 Sala riservata<br data-start=\"719\" data-end=\"722\" \/>\u2022 Audio + Wi-Fi<br data-start=\"737\" data-end=\"740\" \/>\u2022 Giardino a disposizione<br data-start=\"765\" data-end=\"768\" \/>\u2022 Servizio bar a supporto<\/h5><br \/>\r\n<blockquote><br \/>\r\n<h5 data-start=\"1036\" data-end=\"1064\"><strong data-start=\"1040\" data-end=\"1062\"><br \/>\r\nExtra su richiesta<\/strong><\/h5><br \/>\r\n<\/blockquote><br \/>\r\n<h5 data-start=\"1065\" data-end=\"1277\">\u2022 Video-projection \/ Maxischermo<br data-start=\"1141\" data-end=\"1144\" \/>\u2022 Sound System potenziato + microfoni wireless<br data-start=\"1190\" data-end=\"1193\" \/>\u2022 Sicurezza \/ Steward per eventi &gt; 80 persone<br data-start=\"1238\" data-end=\"1241\" \/>\u2022 Personale dedicato al tuo evento<\/h5><br \/>\r\n<blockquote><br \/>\r\n<h5 data-start=\"802\" data-end=\"855\"><strong data-start=\"806\" data-end=\"853\"><br \/>\r\nEventi Serali \/ Feste Private \u2014 19:00\u201300:30<br \/>\r\n<\/strong><\/h5><br \/>\r\n<\/blockquote><br \/>\r\n<h5 data-start=\"856\" data-end=\"1029\">\u2022 Sala dedicata<br data-start=\"904\" data-end=\"907\" \/>\u2022 Audio + Wi-Fi<br data-start=\"922\" data-end=\"925\" \/>\u2022 Giardino riservato<br data-start=\"945\" data-end=\"948\" \/>\u2022 Staff del bar incluso<br data-start=\"971\" data-end=\"974\" \/>\u2022 Possibilit\u00e0 di personalizzare consumazioni &amp; format<\/h5><br \/>\r\n<h5 data-start=\"1284\" data-end=\"1373\">Vuoi organizzare qualcosa di memorabile?<br data-start=\"1324\" data-end=\"1327\" \/>Scrivici e costruiamo il tuo evento insieme<\/h5><\/p>\r\n  <\/section>","protected":false},"excerpt":{"rendered":"","protected":false},"author":2,"featured_media":0,"parent":0,"menu_order":0,"comment_status":"closed","ping_status":"closed","template":"page_landing.php","meta":{"_acf_changed":false,"content-type":"","inline_featured_image":false,"_joinchat":[],"footnotes":""},"class_list":["post-11157","page","type-page","status-publish","hentry"],"acf":[],"_links":{"self":[{"href":"https:\/\/relifenation.com\/en\/wp-json\/wp\/v2\/pages\/11157","targetHints":{"allow":["GET"]}}],"collection":[{"href":"https:\/\/relifenation.com\/en\/wp-json\/wp\/v2\/pages"}],"about":[{"href":"https:\/\/relifenation.com\/en\/wp-json\/wp\/v2\/types\/page"}],"author":[{"embeddable":true,"href":"https:\/\/relifenation.com\/en\/wp-json\/wp\/v2\/users\/2"}],"replies":[{"embeddable":true,"href":"https:\/\/relifenation.com\/en\/wp-json\/wp\/v2\/comments?post=11157"}],"version-history":[{"count":33,"href":"https:\/\/relifenation.com\/en\/wp-json\/wp\/v2\/pages\/11157\/revisions"}],"predecessor-version":[{"id":16460,"href":"https:\/\/relifenation.com\/en\/wp-json\/wp\/v2\/pages\/11157\/revisions\/16460"}],"wp:attachment":[{"href":"https:\/\/relifenation.com\/en\/wp-json\/wp\/v2\/media?parent=11157"}],"curies":[{"name":"wp","href":"https:\/\/api.w.org\/{rel}","templated":true}]}}