{"id":15876,"date":"2024-05-06T14:13:21","date_gmt":"2024-05-06T12:13:21","guid":{"rendered":"https:\/\/relifenation.com\/?page_id=15876"},"modified":"2025-09-30T15:35:09","modified_gmt":"2025-09-30T13:35:09","slug":"app-terms-and-conditions","status":"publish","type":"page","link":"https:\/\/relifenation.com\/en\/termini-e-condizioni-2\/","title":{"rendered":"Termini e Condizioni APP"},"content":{"rendered":"\n<ol class=\"wp-block-list\">\n<li><strong>Premessa<\/strong><\/li>\n<\/ol>\n\n\n\n<p>I presenti Termini e Condizioni d&#8217;Uso (di seguito \u201c<strong>Termini<\/strong>\u201d) regolano l&#8217;accesso e l&#8217;utilizzo dell&#8217;applicazione mobile \u201cRELIFE PEOPLE\u201d (di seguito \u201c<strong>App<\/strong>\u201d), fornita da Relife Srl, con sede legale in Torino, Via XX Settembre 12 iscritta al Registro delle Imprese di Torino, P.IVA 12695670013 (di seguito \u201c<strong>Societ\u00e0<\/strong>\u201d).<\/p>\n\n\n\n<p>Accedendo o utilizzando l\u2019App o qualsiasi sua funzionalit\u00e0 su qualsiasi smartphone con sistema operativo iOS (versioni RF) o Android (versioni RF) o tablet iOS (versioni RF) (\u201c<strong>Dispositivi<\/strong>\u201d), l\u2019utente (\u201c<strong>Utente<\/strong>\u201d) accetta e si impegna al rispetto dei presenti Termini, nonch\u00e9 delle normative applicabili in materia di protezione dei dati personali e delle disposizioni di legge vigenti. L\u2019accettazione dei Termini comporta la conclusione di un contratto tra la Relife s.r.l. e l\u2019Utente e costituisce condizione necessaria per l\u2019accesso e la fruizione dei servizi forniti dall\u2019App.<\/p>\n\n\n\n<p>L\u2019App accede al contratto (\u201c<strong>Contratto<\/strong>\u201d) intercorrente tra l\u2019Utente e la Relife s.r.l. relativo al godimento di una stanza e degli spazi comuni di uno degli immobili posseduti o gestiti dalla Societ\u00e0 (rispettivamente, gli \u201c<strong>Spazi Comuni<\/strong>\u201d e l\u2019\u201d<strong>Immobile<\/strong>\u201d). L\u2019Utente, in seguito alla cessazione del contratto per qualsivoglia ragione, perder\u00e0 l\u2019accesso [all\u2019App\/ai servizi dell\u2019App].<\/p>\n\n\n\n<p>Resta inteso che l\u2019utilizzo dell\u2019App \u00e8 inteso quale elemento accessorio per consentire un miglior godimento dei servizi di cui al Contratto e, pertanto, l\u2019Utente avr\u00e0 la facolt\u00e0 di non utilizzarla. I Servizi e l\u2019accesso ai medesimi saranno in ogni caso regolati dal Contratto. La licenza di utilizzo dell\u2019App \u00e8 concessa a titolo gratuito e non compresa nei corrispettivi di cui al Contratto, pertanto, non potranno essere dedotti quali inadempimenti del Contratto eventuali suoi malfunzionamenti.<\/p>\n\n\n\n<ul class=\"wp-block-list\">\n<li><strong>Modifiche ai Termini<\/strong><\/li>\n<\/ul>\n\n\n\n<p>La [Societ\u00e0] si riserva il diritto di modificare, aggiornare o integrare i presenti Termini in qualsiasi momento, a propria discrezione e senza preavviso, salvo diversa indicazione. Le modifiche avranno efficacia dal momento della loro pubblicazione sull&#8217;App o, se previsto, della loro comunicazione diretta all&#8217;Utente. Fermo restando il consenso prestato mediante \u201cspunta\u201d, l&#8217;uso continuato dell&#8217;App dopo tale pubblicazione o comunicazione costituisce accettazione delle modifiche, quand\u2019anche il sistema di spunte dovesse per qualsiasi motivo venire a mancare o il salvataggio del consenso risultare compromesso.<\/p>\n\n\n\n<p>Resta inteso che l\u2019Utente che non intendesse seguitare ad utilizzare l\u2019App a causa delle modifiche dei Termini, potr\u00e0 esercitare il recesso dai Termini stessi mediante comunicazione mail all\u2019indirizzo info@relifenation.com In tal caso sar\u00e0 cura della [Societ\u00e0] eliminare l\u2019Account entro e non oltre 10 giorni lavorativi.<\/p>\n\n\n\n<ul class=\"wp-block-list\">\n<li><strong>Oggetto e Funzionalit\u00e0 dell&#8217;App<\/strong><\/li>\n<\/ul>\n\n\n\n<p>L&#8217;App \u00e8 un&#8217;applicazione che consente di godere dei servizi di cui al successivo art. 5, nel rispetto delle relative condizioni d\u2019uso di cui al medesimo articolo (i \u201c<strong>Servizi<\/strong>\u201d).<\/p>\n\n\n\n<p>L\u2019utilizzo dell\u2019App e dei Servizi \u00e8 consentito esclusivamente per scopo personale e non commerciale da parte dell\u2019Utente, n\u00e9 per svolgere alcuna attivit\u00e0 connotata da professionalit\u00e0 o imprenditorialit\u00e0, e in ogni caso nel rispetto delle finalit\u00e0 per cui l&#8217;App \u00e8 stata realizzata.<\/p>\n\n\n\n<p>Resta inteso che, quand\u2019anche non riportate nelle presenti condizioni d\u2019uso, i Servizi potranno essere goduti e utilizzati nel rispetto delle modalit\u00e0 operative previste dall\u2019App stessa per il relativo godimento (a titolo meramente esemplificativo, mediante la relativa prenotazione).<\/p>\n\n\n\n<p>L\u2019Utente ricever\u00e0 dalla [Societ\u00e0] le credenziali di accesso all\u2019App e al relativo account (\u201c<strong>Account<\/strong>\u201d). Si suggerisce di modificare le credenziali non appena le stesse siano ricevute.<\/p>\n\n\n\n<p>L\u2019Utente si impegna a fornire informazioni accurate, reali e complete e a mantenere, se necessario, aggiornati i dati forniti, essendo responsabile esclusivo della veridicit\u00e0 e accuratezza dei medesimi, nonch\u00e9 di eventuali danni causati dall\u2019inosservanza di tale impegno.<\/p>\n\n\n\n<p>L&#8217;Utente \u00e8 responsabile di assicurare la riservatezza dei propri dati di accesso e il controllo di tutte le attivit\u00e0 poste in essere tramite l\u2019utilizzo dell\u2019App, a meno che non comunichi alla [Societ\u00e0], fornendone evidenza, che il suo Account \u00e8 e\/o \u00e8 stato utilizzato da terzi senza il suo consenso. L\u2019Utente si impegna altres\u00ec a informare tempestivamente la [Societ\u00e0] di qualsivoglia accesso non autorizzato al proprio Account o utilizzo in violazione dei termini, lo stesso assumendo l\u2019impegno a tenere manlevata e indenne la [Societ\u00e0] da tale utilizzo in violazione.<\/p>\n\n\n\n<p>La [Societ\u00e0] si impegna a garantire che l&#8217;App funzioni in modo adeguato, sebbene non possa essere ritenuto responsabile per interruzioni temporanee o malfunzionamenti derivanti da cause non imputabili alla propria volont\u00e0. La [Societ\u00e0] non sar\u00e0 responsabile nei confronti dell&#8217;Utente e\/o verso i suoi aventi causa e verso terzi per i danni diretti, indiretti o consequenziali, comprese le perdite e i costi supportati in conseguenza a sospensioni o interruzioni dell\u2019App. In ogni caso l&#8217;Utente si impegna a manlevare e tenere indenne la [Societ\u00e0] da qualsiasi pretesa e rivendicazione a qualsiasi titolo avanzate anche da terzi in relazione all\u2019utilizzo dell\u2019App.<\/p>\n\n\n\n<p>La Societ\u00e0 si riserva il diritto di sospendere o interrompere l&#8217;accesso all&#8217;App e\/o ai Servizi, in tutto o in parte, in qualsiasi momento, per motivi tecnici, di sicurezza, o per qualsiasi altra ragione giustificata, senza preavviso e senza che ci\u00f2 possa dar luogo a responsabilit\u00e0 nei confronti dell&#8217;Utente<\/p>\n\n\n\n<p>La Societ\u00e0 si riserva il diritto di cancellare l\u2019Account&nbsp; per violazione dei presenti Termini, ragioni di sicurezza o in caso il Contratto termini senza che l\u2019Utente ne stipuli un altro (anche per diverso immobile) nei due anni successivi.<\/p>\n\n\n\n<ul class=\"wp-block-list\">\n<li><strong>Requisiti per l&#8217;Utilizzo dell&#8217;App<\/strong><\/li>\n<\/ul>\n\n\n\n<p>L&#8217;Utente dichiara di possedere tutti i requisiti necessari per poter utilizzare l&#8217;App, compresa, ma non limitata a, una connessione Internet adeguata e un dispositivo compatibile. L&#8217;Utente si impegna a utilizzare l&#8217;App in conformit\u00e0 con le normative vigenti, i presenti Termini e le eventuali istruzioni o linee guida fornite dalla [Societ\u00e0].<\/p>\n\n\n\n<p>Accedendo e utilizzando l\u2019App l\u2019Utente dichiara di avere compiuto 18 anni ovvero, se pi\u00f9 elevata, la diversa et\u00e0 necessaria nel paese di residenza per conseguire la capacit\u00e0 di agire.<\/p>\n\n\n\n<ul class=\"wp-block-list\">\n<li><strong>Servizi<\/strong><\/li>\n<\/ul>\n\n\n\n<p>L\u2019App consente all\u2019Utente di utilizzare, se presenti nell\u2019Immobile, i seguenti Servizi.<\/p>\n\n\n\n<p><em>a. Pasti condivisi<\/em><\/p>\n\n\n\n<p>Laddove l\u2019Immobile abbia a disposizione una sala comune comprensiva di cucina, l\u2019App consentir\u00e0 agli Utenti di organizzare pasti condivisi nella medesima sala.<\/p>\n\n\n\n<p>L\u2019utilizzo della sala, della cucina e delle apparecchiature e dispositivi ivi disponibili dovr\u00e0 avvenire nel rispetto dei regolamenti e delle indicazioni affissi in tali locali e, comunque, secondo il normale utilizzo dei beni ivi collocati.<\/p>\n\n\n\n<p>Tramite l\u2019App, l\u2019Utente potr\u00e0 pubblicare il menu o il tema della serata e raccogliere le relative adesioni, oltre al rimborso della spesa.<\/p>\n\n\n\n<p>L\u2019Utente, prenotando la sala \u201cPasto Condiviso\u201d, si impegna a non utilizzarla con fine di lucro o in modalit\u00e0 connotate da professionalit\u00e0 o imprenditorialit\u00e0.<\/p>\n\n\n\n<p>Fermo restando che la Societ\u00e0 mette a disposizione esclusivamente gli spazi e le attrezzature, e non ha alcun ruolo nell&#8217;organizzazione, preparazione e gestione degli eventi di pasti condivisi, si precisa quanto segue:<\/p>\n\n\n\n<ul class=\"wp-block-list\">\n<li>gli Utenti che organizzano eventi di pasti condivisi (di seguito, &#8220;Organizzatori&#8221;) sono gli esclusivi responsabili della preparazione, manipolazione, conservazione e distribuzione degli alimenti, nonch\u00e9 del rispetto di tutte le normative vigenti in materia di igiene e sicurezza alimentare. Gli Organizzatori si impegnano a: (i)non svolgere attivit\u00e0 per le quali servano specifiche autorizzazioni; (ii) garantire la tracciabilit\u00e0 degli ingredienti utilizzati; (iii) informare chiaramente i partecipanti circa la presenza di allergeni o altre sostanze che potrebbero causare reazioni avverse; (iv) adottare tutte le precauzioni necessarie per evitare contaminazioni e garantire la sicurezza degli alimenti; (v) provvedere alla pulizia e al riordino degli spazi utilizzati al termine dell&#8217;evento, nel rispetto delle norme igieniche.<\/li>\n<\/ul>\n\n\n\n<p>La Societ\u00e0 \u00e8 responsabile esclusivamente della messa a disposizione e della manutenzione ordinaria e straordinaria degli spazi e delle attrezzature. La Societ\u00e0 si impegna a: (i) mantenere gli spazi in condizioni di pulizia e sicurezza adeguate; (ii) garantire il funzionamento delle attrezzature messe a disposizione; (iii) effettuare controlli periodici per verificare lo stato degli spazi e delle attrezzature.<\/p>\n\n\n\n<p>Nei limiti consentiti dalla legge, la Societ\u00e0 non sar\u00e0 responsabile per eventuali danni diretti o indiretti, patrimoniali o non patrimoniali, subiti dai partecipanti agli eventi di pasti condivisi, derivanti da:<\/p>\n\n\n\n<ul class=\"wp-block-list\">\n<li>intossicazioni alimentari o altre problematiche legate al cibo preparato dagli Organizzatori;<\/li>\n\n\n\n<li>comportamenti scorretti o illeciti da parte degli Organizzatori o dei partecipanti;<\/li>\n\n\n\n<li>incidenti o infortuni non direttamente causati da un difetto degli spazi o delle attrezzature messe a disposizione dalla Societ\u00e0.<\/li>\n<\/ul>\n\n\n\n<p>L\u2019Organizzatore si impegna a manlevare e tenere indenne la Societ\u00e0 rispetto a qualsiasi conseguenza negativa della cena dallo stesso organizzata, ivi incluse le conseguenze \u2013 per s\u00e9 e terzi \u2013 delle materie prime cucinate o derivanti dalla presenza di allergeni nei cibi consumati.Sar\u00e0 cura e onere dell\u2019Organizzatore informare gli altri Utenti circa la presenza di allergeni nelle pietanze o eventuali contaminazioni.<\/p>\n\n\n\n<p>\u00c8 in ogni caso sconsigliata la partecipazione agli eventi di pasto condiviso a soggetti che abbiano gravi allergie.<\/p>\n\n\n\n<p>Le Parti si dichiarano consapevoli che l\u2019App consente esclusivamente la gestione dello spazio e l\u2019utilizzo delle apparecchiature, senza che in alcun modo la Societ\u00e0 abbia parte alla gestione delle iniziative degli Utenti.<\/p>\n\n\n\n<p>Agli eventi di cui al presente punto si applicano, in quanto compatibili, le disposizioni di cui al successivo punto c..<\/p>\n\n\n\n<p><em>b. Eventi<\/em><\/p>\n\n\n\n<p>La [Societ\u00e0] avr\u00e0 la facolt\u00e0 di organizzare negli spazi dell\u2019Immobile eventi gratuiti organizzati dalla medesima ovvero da soggetti terzi.<\/p>\n\n\n\n<p>Fermo restando il rispetto delle norme, anche aventi natura di regolamenti interni, che regolano l\u2019utilizzo degli spazi e le condotte da tenervi, si acconsente fin d\u2019ora a che la [Societ\u00e0], mediante App, invii notifiche ed aggiornamenti sugli eventi <em>de quibus<\/em>.<\/p>\n\n\n\n<p>Laddove gli eventi abbiano una <em>attendance<\/em> massima ovvero laddove sia fissato, per qualsiasi ragione, un limite massimo al numero di Utenti che possono partecipare all\u2019evento, l\u2019utente potr\u00e0 riservare il proprio posto mediante App.<\/p>\n\n\n\n<p>Sar\u00e0 in ogni caso facolt\u00e0 della [Societ\u00e0] cancellare, senza che sia necessario un preavviso, gli eventi gratuiti senza che ci\u00f2 possa dare luogo a pretese risarcitorie per l\u2019Utente.<\/p>\n\n\n\n<p>Resta inteso che l\u2019accesso a un determinato evento potr\u00e0 essere riservato determinate categorie di Utenti, fermo restando l\u2019impegno della [Societ\u00e0] all\u2019adozione di criteri non fondati su discriminazioni basate su genere, orientamento sessuale, religione, etnia, provenienza o opinione politica. Laddove l\u2019Utente ritenga i requisiti di accesso discriminatori, potr\u00e0 informare la [Societ\u00e0] mediante mail all\u2019indirizzo [-].<\/p>\n\n\n\n<p><em>c. \u201cEventi\u201d degli Utenti<\/em><\/p>\n\n\n\n<p>In aggiunta, l\u2019App potr\u00e0 essere utilizzata dagli Utenti per condividere con gli altri Utenti informazioni su eventi organizzati sia all\u2019interno che all\u2019esterno della struttura (<em>e.g. <\/em>gite, utilizzo degli spazi comuni per \u201ceventi\u201d organizzati).<\/p>\n\n\n\n<p>Accettando i presenti Termini, l\u2019Utente si dichiara consapevole di poter ricevere dagli altri Utenti, tramite l\u2019App, messaggi generali destinati all\u2019organizzazione degli eventi. Laddove le notifiche <em>push<\/em> fossero attivate, tali messaggi potranno essere ricevuti anche in tale modalit\u00e0.<\/p>\n\n\n\n<p>Resta inteso che gli Utenti si impegnano a utilizzare tale mezzo di comunicazione delle attivit\u00e0 organizzate entro i limiti di legge, dell\u2019ordine pubblico, nel rispetto dei diritti di terzi, impegnandosi ad evitare qualsiasi contenuto discriminante, diffamatorio o che sia riconducibile a qualsivoglia forma di incitamento all\u2019odio. La [Societ\u00e0] si riserva il diritto, a proprio insindacabile giudizio, di rimuovere qualsiasi notizia di evento che ritenga in contrasto con quanto in precedenza indicato.<\/p>\n\n\n\n<p>L\u2019Utente si impegna a non utilizzare la forma di comunicazione per l\u2019organizzazione di attivit\u00e0 con modalit\u00e0 imprenditoriale, scopo di lucro o comunque per finalit\u00e0 estranee a quelle per cui l\u2019App \u00e8 messa a sua disposizione.<\/p>\n\n\n\n<p><em>d. News di servizio<\/em><\/p>\n\n\n\n<p>La [Societ\u00e0], in aggiunta all\u2019affissione presso i Locali dell\u2019Immobile, potr\u00e0 comunicare agli Utenti informazioni relative allo stesso (<em>e.g. <\/em>interruzione di servizi, modifiche di regolamenti, etc\u2026).<\/p>\n\n\n\n<p>La [Societ\u00e0], in aggiunta all\u2019affissione presso i Locali dell\u2019Immobile, potr\u00e0 comunicare agli Utenti informazioni circa gli eventi e i Servizi che si terranno nell\u2019Immobile ovvero informazioni ritenute rilevanti o relative al circondario dell\u2019Immobile.<\/p>\n\n\n\n<p>L\u2019Utente acconsente fin d\u2019ora alla ricezione di tali informative e che la trasmissione delle medesime tramite App comporter\u00e0 una presunzione di ricezione delle stesse. Sar\u00e0 quindi onere dell\u2019Utente impostare i propri dispositivi al fine di consentire le notifiche dell\u2019App.<\/p>\n\n\n\n<p>Resta inteso che i dati dell\u2019Utente non saranno condivisi con terzi per l\u2019invio di eventuali comunicazioni di terzi.<\/p>\n\n\n\n<p><em>e. Manutenzione<\/em><\/p>\n\n\n\n<p>L\u2019Utente potr\u00e0 comunicare alla [Societ\u00e0], tramite l\u2019apposita sezione dell\u2019App, la necessit\u00e0 di interventi di manutenzione sia nelle aree comuni dell\u2019Immobile che in quelle ad utilizzo esclusivo dell\u2019Utente. Resta inteso che si applicher\u00e0 a tali interventi di manutenzione quanto previsto al Contratto, senza che i presenti Termini possano essere considerati novativi o modificativi del medesimo. &nbsp;Resta in particolare impregiudicato qualsiasi diritto della [Societ\u00e0] di far valere i propri diritti connessi a danni eventualmente causati dagli Utenti.<\/p>\n\n\n\n<ul class=\"wp-block-list\">\n<li><strong>Propriet\u00e0 Intellettuale<\/strong><\/li>\n<\/ul>\n\n\n\n<p>Tutti i diritti di propriet\u00e0 intellettuale relativi all&#8217;App, inclusi, ma non limitati a, copyright, marchi, loghi, design e software, sono di propriet\u00e0 esclusiva del [Societ\u00e0] o dei suoi licenzianti. L&#8217;Utente si impegna a non copiare, riprodurre, distribuire, modificare o creare lavori derivati basati sull&#8217;App, senza il previo consenso scritto del [Societ\u00e0].<\/p>\n\n\n\n<ul class=\"wp-block-list\">\n<li><strong>Privacy e Protezione dei Dati Personali<\/strong><\/li>\n<\/ul>\n\n\n\n<p>Il trattamento dei dati personali dell&#8217;Utente \u00e8 disciplinato dalla [informativa sulla privacy, inserire il link o il testo della privacy policy]. L&#8217;Utente acconsente espressamente al trattamento dei propri dati personali, secondo le modalit\u00e0 e finalit\u00e0 descritte nella suddetta informativa.<\/p>\n\n\n\n<ul class=\"wp-block-list\">\n<li><strong>Limitazione di Responsabilit\u00e0<\/strong><\/li>\n<\/ul>\n\n\n\n<p>La [Societ\u00e0] non offre alcuna garanzia, esplicita o implicita, in relazione al corretto funzionamento dell\u2019app, alla sua disponibilit\u00e0 o alla sua adeguatezza a scopi specifici. Nei limiti consentiti dalla legge, la [Societ\u00e0] non sar\u00e0 responsabile per danni diretti, indiretti, incidentali o consequenziali derivanti dall&#8217;uso dell&#8217;App o dall&#8217;impossibilit\u00e0 di utilizzarla, fatti salvi i casi di dolo o colpa grave.<\/p>\n\n\n\n<p>Le Parti si danno atto che l\u2019utilizzo dell\u2019App non pu\u00f2, <em>ex se<\/em>, comportare danni alle persone.<\/p>\n\n\n\n<p>L\u2019Utente riconosce che l\u2019utilizzo di Internet e applicazioni \u00e8 attivit\u00e0 con rischi intrinseci e, pertanto, esiste la possibilit\u00e0 che pirati informatici violino la sicurezza dell\u2019App, modificandone il contenuto e integrandovi materiale dannoso per gli stessi (ad esempio, virus, worms, file corrotti), ovvero accedendo ai dati. In tali casi, e a condizione che la [Societ\u00e0] abbia operato con la normale diligenza, la [Societ\u00e0] medesima non sar\u00e0 responsabile per danni, perdite o modifiche da questi generati all\u2019Utente o a terzi.<\/p>\n\n\n\n<ul class=\"wp-block-list\">\n<li><strong>Obblighi dell&#8217;Utente<\/strong><\/li>\n<\/ul>\n\n\n\n<p>L&#8217;Utente si impegna a:<\/p>\n\n\n\n<p>Utilizzare l&#8217;App esclusivamente per scopi leciti e conformi alla normativa applicabile.<\/p>\n\n\n\n<p>Non compiere atti che possano danneggiare, disabilitare o interferire con il normale funzionamento dell&#8217;App.<\/p>\n\n\n\n<p>Non caricare, trasmettere o rendere disponibili contenuti che violino diritti di terzi, compresi diritti di propriet\u00e0 intellettuale, privacy o altri diritti legali.<\/p>\n\n\n\n<p>Non trasmettere nell\u2019App alcun tipo di informazione che possa cagionare danno alla [Societ\u00e0], agli altri Utenti e\/o a terzi in genere.<\/p>\n\n\n\n<p>L&#8217;Utente si impegna inoltre a non pubblicare o diffondere tramite l&#8217;App contenuti che siano illeciti, diffamatori, offensivi, minacciosi, osceni, lesivi della privacy o dei diritti di terzi, o che in qualsiasi modo possano arrecare danno o pregiudizio alla Societ\u00e0, agli altri Utenti o a terzi.<\/p>\n\n\n\n<ol class=\"wp-block-list\">\n<li><strong>Legge Applicabile e Foro Competente<\/strong><\/li>\n<\/ol>\n\n\n\n<p>I presenti Termini sono regolati dalla legge italiana.<\/p>\n\n\n\n<p>In caso di controversie relative all&#8217;interpretazione o all&#8217;esecuzione dei presenti Termini, l&#8217;Utente che riveste la qualit\u00e0 di consumatore (ai sensi del Codice del Consumo) ha il diritto di adire alternativamente:<\/p>\n\n\n\n<p>Il foro del luogo di residenza o domicilio del consumatore, se ubicati nel territorio dello Stato italiano;<\/p>\n\n\n\n<p>Il foro di Torino, ove ha sede la [Societ\u00e0], se l&#8217;utente non ha residenza o domicilio nel territorio dello Stato italiano.<\/p>\n\n\n\n<p>Ferma restando la competenza del Foro naturale del consumatore di cui sopra, e fermi restando eventuali altri limiti di legge inderogabili, per qualsiasi altra controversia connessa ai presenti Termini sar\u00e0 competente esclusivamente il Foro di Milano.<\/p>\n\n\n\n<ol class=\"wp-block-list\">\n<li><strong>Disposizioni Finali<\/strong><\/li>\n<\/ol>\n\n\n\n<p>La [Societ\u00e0] si riserva il diritto di cedere, trasferire o affidare a terzi, in tutto o in parte, i diritti e gli obblighi derivanti dai presenti Termini, senza necessit\u00e0 di ottenere il consenso dell&#8217;Utente. L&#8217;Utente non potr\u00e0 cedere, trasferire o affidare a terzi i propri diritti e obblighi derivanti dai presenti Termini senza il previo consenso scritto della [Societ\u00e0].<\/p>\n\n\n\n<p>Se una qualsiasi disposizione dei presenti Termini dovesse risultare invalida o inefficace, tale invalidit\u00e0 non pregiudicher\u00e0 la validit\u00e0 delle restanti disposizioni. I presenti Termini costituiscono l&#8217;intero accordo tra le parti e prevalgono su ogni precedente intesa, accordo o comunicazione relativa all&#8217;uso dell&#8217;App.<\/p>\n\n\n\n<p>Data di ultima revisione: 30\/09\/2025<\/p>\n","protected":false},"excerpt":{"rendered":"<p>I presenti Termini e Condizioni d&#8217;Uso (di seguito \u201cTermini\u201d) regolano l&#8217;accesso e l&#8217;utilizzo dell&#8217;applicazione mobile \u201cRELIFE PEOPLE\u201d (di seguito \u201cApp\u201d), fornita da Relife Srl, con sede legale in Torino, Via XX Settembre 12 iscritta al Registro delle Imprese di Torino, P.IVA 12695670013 (di seguito \u201cSociet\u00e0\u201d). Accedendo o utilizzando l\u2019App o qualsiasi sua funzionalit\u00e0 su qualsiasi [&hellip;]<\/p>\n","protected":false},"author":2,"featured_media":0,"parent":0,"menu_order":0,"comment_status":"closed","ping_status":"closed","template":"page_plain.php","meta":{"_acf_changed":false,"content-type":"","inline_featured_image":false,"_joinchat":{"view":"no"},"footnotes":""},"class_list":["post-15876","page","type-page","status-publish","hentry"],"acf":[],"_links":{"self":[{"href":"https:\/\/relifenation.com\/en\/wp-json\/wp\/v2\/pages\/15876","targetHints":{"allow":["GET"]}}],"collection":[{"href":"https:\/\/relifenation.com\/en\/wp-json\/wp\/v2\/pages"}],"about":[{"href":"https:\/\/relifenation.com\/en\/wp-json\/wp\/v2\/types\/page"}],"author":[{"embeddable":true,"href":"https:\/\/relifenation.com\/en\/wp-json\/wp\/v2\/users\/2"}],"replies":[{"embeddable":true,"href":"https:\/\/relifenation.com\/en\/wp-json\/wp\/v2\/comments?post=15876"}],"version-history":[{"count":3,"href":"https:\/\/relifenation.com\/en\/wp-json\/wp\/v2\/pages\/15876\/revisions"}],"predecessor-version":[{"id":15895,"href":"https:\/\/relifenation.com\/en\/wp-json\/wp\/v2\/pages\/15876\/revisions\/15895"}],"wp:attachment":[{"href":"https:\/\/relifenation.com\/en\/wp-json\/wp\/v2\/media?parent=15876"}],"curies":[{"name":"wp","href":"https:\/\/api.w.org\/{rel}","templated":true}]}}