{"id":825,"date":"2024-05-06T14:13:21","date_gmt":"2024-05-06T12:13:21","guid":{"rendered":"https:\/\/relifenation.com\/?page_id=825"},"modified":"2024-09-11T15:35:56","modified_gmt":"2024-09-11T13:35:56","slug":"termini-e-condizioni","status":"publish","type":"page","link":"https:\/\/relifenation.com\/en\/termini-e-condizioni\/","title":{"rendered":"Terms &amp; Conditions"},"content":{"rendered":"<p>RELIFE Promotional Campaign<\/p>\n\n\n\n<ol class=\"wp-block-list\">\n<li>La Campagna promozionale \u00e8 aperta a tutti gli studenti che affitteranno una stanza per l&#8217;anno accademico 2024\/2025 presso RELIFE \u2013 Corso Novara 59 e Via Tollegno 22, 10121.<\/li>\n\n\n\n<li>La promozione &#8220;Two Month Free\u201d \u00e8 per le prenotazioni inerenti all\u2019anno accademico 2024\/2025 con una durata della locazione di 12 mesi, gli ultimi due mesi saranno gratuiti.<\/li>\n\n\n\n<li>La promozione \u201cRefer a Friend\u201d consiste in uno sconto di 100\u20ac se con te porti un amico ad alloggiare nella nostra struttura.<\/li>\n\n\n\n<li>The promotions are offered by Corso Novara 59 S.R.L., Via XX Settembre 12, 10121, Turin, VAT number: 12488050019.<\/li>\n\n\n\n<li>Per essere idoneo alle promozioni, lo studente deve prenotare una stanza per l&#8217;anno accademico 2024\/2025, confermare la stanza, pagare il deposito cauzionale e aver effettuato il check-in nella data prevista.<\/li>\n\n\n\n<li>Il numero massimo di studenti idonei che avranno la possibilit\u00e0 di aderire a questa promozione \u00e8 50. Il tempo di conferma della prenotazione sar\u00e0 utilizzato per definire i primi 50 studenti per questa promozione. Spetta al locatore (vedi punto 5) aumentare il numero totale di promozioni disponibili.<\/li>\n\n\n\n<li>These promotions must not be used in conjunction with other incentives offered by RELIFE, unless otherwise specified, or by other third-party booking agents such as international agents.<\/li>\n\n\n\n<li>Le promozioni saranno inviate allo studente tramite l\u2019e-mail fornita dagli studenti durante il processo di prenotazione. L&#8217;email contenente il codice voucher Amazon sar\u00e0 inviata entro il mese successivo al check-in dello studente. In nessun caso la promozione pu\u00f2 essere scambiata con denaro contante.<\/li>\n\n\n\n<li>The promotions are managed by RELIFE, which reserves the right to suspend, cancel, or modify them at any time (and for any reason) without prior notice.<\/li>\n\n\n\n<li>La decisione di RELIFE in merito a tutte le questioni relative ai bonus sar\u00e0 definitiva e non sar\u00e0 oggetto di corrispondenza.<\/li>\n\n\n\n<li>Applicants shall be deemed to have accepted these Terms and Conditions.<\/li>\n<\/ol>","protected":false},"excerpt":{"rendered":"<p>RELIFE Promotional Campaign<\/p>","protected":false},"author":2,"featured_media":0,"parent":0,"menu_order":0,"comment_status":"closed","ping_status":"closed","template":"page_plain.php","meta":{"_acf_changed":false,"content-type":"","inline_featured_image":false,"_joinchat":{"view":"no"},"footnotes":""},"class_list":["post-825","page","type-page","status-publish","hentry"],"acf":[],"_links":{"self":[{"href":"https:\/\/relifenation.com\/en\/wp-json\/wp\/v2\/pages\/825","targetHints":{"allow":["GET"]}}],"collection":[{"href":"https:\/\/relifenation.com\/en\/wp-json\/wp\/v2\/pages"}],"about":[{"href":"https:\/\/relifenation.com\/en\/wp-json\/wp\/v2\/types\/page"}],"author":[{"embeddable":true,"href":"https:\/\/relifenation.com\/en\/wp-json\/wp\/v2\/users\/2"}],"replies":[{"embeddable":true,"href":"https:\/\/relifenation.com\/en\/wp-json\/wp\/v2\/comments?post=825"}],"version-history":[{"count":1,"href":"https:\/\/relifenation.com\/en\/wp-json\/wp\/v2\/pages\/825\/revisions"}],"predecessor-version":[{"id":3277,"href":"https:\/\/relifenation.com\/en\/wp-json\/wp\/v2\/pages\/825\/revisions\/3277"}],"wp:attachment":[{"href":"https:\/\/relifenation.com\/en\/wp-json\/wp\/v2\/media?parent=825"}],"curies":[{"name":"wp","href":"https:\/\/api.w.org\/{rel}","templated":true}]}}